{"id":280,"date":"2013-01-18T20:28:32","date_gmt":"2013-01-18T18:28:32","guid":{"rendered":"http:\/\/www.cremedesign.de\/?page_id=280"},"modified":"2020-10-29T14:36:31","modified_gmt":"2020-10-29T13:36:31","slug":"impressum","status":"publish","type":"page","link":"https:\/\/architekten-bs.de\/?page_id=280","title":{"rendered":"IMPRESSUM"},"content":{"rendered":"<p><!--:de--><strong>Angaben gem\u00e4\u00df \u00a7 5 TMG:<\/strong><br \/>\nbertram &amp; sutter Architekten GmbH<br \/>\nSonnwendstrasse 40<br \/>\n82152 Krailling<\/p>\n<p><strong>Vertreten durch:<\/strong><br \/>\nGmbH: vertreten durch den Gesch\u00fcftsf\u00fchrer:<br \/>\nDipl.-Ing. Architekt Holger Bertram<br \/>\n<strong>Kontakt:<\/strong><br \/>\nTelefon: +49 (0) 89-62269831<br \/>\nTelefax: +49 (0) 89-62269833<br \/>\nE-Mail: info(at)architekten-bs.de<br \/>\n<strong>Registereintrag:<\/strong><br \/>\nEintragung im Handelsregister.<br \/>\nRegistergericht:Amtsgericht M\u00fcnchen<br \/>\nRegisternummer: HRB M\u00fcnchen 132522<br \/>\n<strong>Umsatzsteuer:<\/strong><br \/>\nUmsatzsteuer-Identifikationsnummer gem\u00e4\u00df \u00a727 a Umsatzsteuergesetz:<br \/>\nDE210315287<br \/>\n<strong>Aufsichtsbeh\u00f6rde:<\/strong><br \/>\nBayerische Architekten Kammer<br \/>\nWaisenhausstra\u00dfe 4<br \/>\n80637 M\u00fcnchen<br \/>\nwww.byak.de<br \/>\n<strong>Berufsbezeichnung und berufsrechtliche Regelungen<\/strong><br \/>\nBerufsbezeichnung: Dipl.-Ing. Architekt<br \/>\nZust\u00e4ndige Kammer: Bayerische Architektenkammer, Waisenhausstra\u00dfe 4, 80637 M\u00fcnchen<br \/>\nVerliehen durch: Deutschland<br \/>\nEs gelten folgende berufsrechtliche Regelungen: Bayerisches Architektengesetz<br \/>\nRegelungen einsehbar unter: www.byak.de<br \/>\nEintrag Architektenliste der Architektenkammer Bayern:<br \/>\nDipl.-Ing. Architekt Holger Bertram Mitgliedsnr.: 175869,<br \/>\n<strong>Angaben zur Berufshaftpflichtversicherung<\/strong><br \/>\nName und Sitz des Versicherers:<br \/>\nR+V Allgemeine Versicherung AG<br \/>\nMittlerer Pfad 24<br \/>\n70499 Stuttgart<br \/>\nGeltungsraum der Versicherung: Deutschland<br \/>\n<strong>Streitschlichtung<\/strong><br \/>\nWir sind nicht bereit oder verpflichtet, an Streitbeilegungsverfahren vor einer<br \/>\nVerbraucherschlichtungsstelle teilzunehmen.<br \/>\n<strong>Haftung f\u00fcr Inhalte<\/strong><br \/>\nAls Diensteanbieter sind wir gem\u00e4\u00df \u00a7 7 Abs.1 TMG f\u00fcr eigene Inhalte auf diesen Seiten nach den<br \/>\nallgemeinen Gesetzen verantwortlich. Nach \u00a7\u00a7 8 bis 10 TMG sind wir als Diensteanbieter jedoch nicht<br \/>\nverpflichtet, \u00fcbermittelte oder gespeicherte fremde Informationen zu \u00fcberwachen oder nach Umst\u00e4nden<br \/>\nzu forschen, die auf eine rechtswidrige T\u00e4tigkeit hinweisen.<br \/>\nVerpflichtungen zur Entfernung oder Sperrung der Nutzung von Informationen nach den allgemeinen<br \/>\nGesetzen bleiben hiervon unber\u00fchrt. Eine diesbez\u00fcgliche Haftung ist jedoch erst ab dem Zeitpunkt der<br \/>\nKenntnis einer konkreten Rechtsverletzung m\u00f6glich. Bei Bekanntwerden von entsprechenden<br \/>\nRechtsverletzungen werden wir diese Inhalte umgehend entfernen.<br \/>\n<strong>Haftung f\u00fcr Links<\/strong><br \/>\nUnser Angebot enth\u00e4lt Links zu externen Websites Dritter, auf deren Inhalte wir keinen Einfluss haben.<br \/>\nDeshalb k\u00f6nnen wir f\u00fcr diese fremden Inhalte auch keine Gew\u00e4hr \u00fcbernehmen. F\u00fcr die Inhalte der<br \/>\nverlinkten Seiten ist stets der jeweilige Anbieter oder Betreiber der Seiten verantwortlich. Die verlinkten<br \/>\nSeiten wurden zum Zeitpunkt der Verlinkung auf m\u00f6gliche Rechtsverst\u00f6\u00dfe \u00fcberpr\u00fcft. Rechtswidrige<br \/>\nInhalte waren zum Zeitpunkt der Verlinkung nicht erkennbar.<br \/>\nEine permanente inhaltliche Kontrolle der verlinkten Seiten ist jedoch ohne konkrete Anhaltspunkte einer<br \/>\nRechtsverletzung nicht zumutbar. Bei Bekanntwerden von Rechtsverletzungen werden wir derartige Links<br \/>\numgehend entfernen.<br \/>\n<strong>Urheberrecht<\/strong><br \/>\nDie durch die Seitenbetreiber erstellten Inhalte und Werke auf diesen Seiten unterliegen dem deutschen<br \/>\nUrheberrecht. Die Vervielf\u00e4ltigung, Bearbeitung, Verbreitung und jede Art der Verwertung au\u00dferhalb der<br \/>\nGrenzen des Urheberrechtes bed\u00fcrfen der schriftlichen Zustimmung des jeweiligen Autors bzw.<br \/>\nErstellers. Downloads und Kopien dieser Seite sind nur f\u00fcr den privaten, nicht kommerziellen Gebrauch<br \/>\ngestattet.<br \/>\nSoweit die Inhalte auf dieser Seite nicht vom Betreiber erstellt wurden, werden die Urheberrechte Dritter<br \/>\nbeachtet. Insbesondere werden Inhalte Dritter als solche gekennzeichnet. Sollten Sie trotzdem auf eine<br \/>\nUrheberrechtsverletzung aufmerksam werden, bitten wir um einen entsprechenden Hinweis. Bei<br \/>\nBekanntwerden von Rechtsverletzungen werden wir derartige Inhalte umgehend entfernen.<!--:--><\/p>\n","protected":false},"excerpt":{"rendered":"<p>Angaben gem\u00e4\u00df \u00a7 5 TMG: bertram &amp; sutter Architekten GmbH Sonnwendstrasse 40 82152 Krailling Vertreten durch: GmbH: vertreten durch den Gesch\u00fcftsf\u00fchrer: Dipl.-Ing. Architekt Holger Bertram Kontakt: Telefon: +49 (0) 89-62269831 Telefax: +49 (0) 89-62269833 E-Mail: info(at)architekten-bs.de Registereintrag: Eintragung im Handelsregister. Registergericht:Amtsgericht M\u00fcnchen Registernummer: HRB M\u00fcnchen 132522 Umsatzsteuer: Umsatzsteuer-Identifikationsnummer gem\u00e4\u00df \u00a727 a Umsatzsteuergesetz: DE210315287 Aufsichtsbeh\u00f6rde: Bayerische [&hellip;]<\/p>\n","protected":false},"author":1,"featured_media":0,"parent":0,"menu_order":0,"comment_status":"closed","ping_status":"closed","template":"","meta":{"om_disable_all_campaigns":false,"_monsterinsights_skip_tracking":false,"_monsterinsights_sitenote_active":false,"_monsterinsights_sitenote_note":"","_monsterinsights_sitenote_category":0,"ngg_post_thumbnail":0,"footnotes":""},"class_list":["post-280","page","type-page","status-publish","hentry"],"aioseo_notices":[],"_links":{"self":[{"href":"https:\/\/architekten-bs.de\/index.php?rest_route=\/wp\/v2\/pages\/280","targetHints":{"allow":["GET"]}}],"collection":[{"href":"https:\/\/architekten-bs.de\/index.php?rest_route=\/wp\/v2\/pages"}],"about":[{"href":"https:\/\/architekten-bs.de\/index.php?rest_route=\/wp\/v2\/types\/page"}],"author":[{"embeddable":true,"href":"https:\/\/architekten-bs.de\/index.php?rest_route=\/wp\/v2\/users\/1"}],"replies":[{"embeddable":true,"href":"https:\/\/architekten-bs.de\/index.php?rest_route=%2Fwp%2Fv2%2Fcomments&post=280"}],"version-history":[{"count":31,"href":"https:\/\/architekten-bs.de\/index.php?rest_route=\/wp\/v2\/pages\/280\/revisions"}],"predecessor-version":[{"id":1594,"href":"https:\/\/architekten-bs.de\/index.php?rest_route=\/wp\/v2\/pages\/280\/revisions\/1594"}],"wp:attachment":[{"href":"https:\/\/architekten-bs.de\/index.php?rest_route=%2Fwp%2Fv2%2Fmedia&parent=280"}],"curies":[{"name":"wp","href":"https:\/\/api.w.org\/{rel}","templated":true}]}}