{"id":1621,"date":"2025-04-25T15:21:25","date_gmt":"2025-04-25T13:21:25","guid":{"rendered":"https:\/\/architekten-bs.de\/?page_id=1621"},"modified":"2025-04-25T19:24:05","modified_gmt":"2025-04-25T17:24:05","slug":"about-us-2","status":"publish","type":"page","link":"https:\/\/architekten-bs.de\/?page_id=1621","title":{"rendered":"ENERGIEBERATUNG"},"content":{"rendered":"\n<div class=\"wp-block-columns is-layout-flex wp-container-core-columns-is-layout-9d6595d7 wp-block-columns-is-layout-flex\">\n<div class=\"wp-block-column is-layout-flow wp-block-column-is-layout-flow\" style=\"flex-basis:100%\">\n<p><a href=\"https:\/\/architekten-bs.de\/?attachment_id=1626\" rel=\"attachment wp-att-1626\"><img loading=\"lazy\" decoding=\"async\" class=\"alignleft size-full wp-image-1626\" src=\"https:\/\/architekten-bs.de\/wp-content\/uploads\/2025\/04\/isfp.png\" alt=\"\" width=\"640\" height=\"296\" srcset=\"https:\/\/architekten-bs.de\/wp-content\/uploads\/2025\/04\/isfp.png 640w, https:\/\/architekten-bs.de\/wp-content\/uploads\/2025\/04\/isfp-300x139.png 300w\" sizes=\"auto, (max-width: 640px) 100vw, 640px\" \/><\/a><span style=\"color: #000000;\">Eine von BAFA gef\u00f6rderte qualitative hochwertige Energieberatung ist das Fundament f\u00fcr Ihr Sanierungs- oder Neubauvorhaben. Als engagierte Architekten und <strong>Energieberater<\/strong> erstellen wir gerne f\u00fcr Ihr Projekt eine umfassende Analyse mit einem passenden Energie-Effizienz-Konzept, oder Sanierungskonzept unter Ber\u00fccksichtigung Ihrer speziellen Anforderungen.<\/span><\/p>\n<p><span style=\"color: #000000;\">Egal ob Sie einen Neubau oder eine energetische Sanierung planen ein <strong>Energieeffiezienzberater<\/strong> ist die richtige Wahl!&nbsp;<\/span><\/p>\n<p><strong><span style=\"color: #000000;\">Wir sind als Energieberater beim BAFA registriert und als Energie Effizienz-Experten bei der Deutschen Energie Agentur gelistet.<\/span><\/strong><\/p>\n<p><a href=\"https:\/\/architekten-bs.de\/?attachment_id=1632\" rel=\"attachment wp-att-1632\"><img loading=\"lazy\" decoding=\"async\" class=\"alignleft size-full wp-image-1632\" src=\"https:\/\/architekten-bs.de\/wp-content\/uploads\/2025\/04\/female-planning-environment-projects-scaled-e1745600058733.jpg\" alt=\"\" width=\"625\" height=\"352\"><\/a><span style=\"color: #000000;\">Unser Spektrum umfasst u.a.:<\/span><br><span style=\"color: #000000;\">&#8211; Energieberatung<\/span><br><span style=\"color: #000000;\">&#8211; Erstellung des iSFP (individuellen Sanierungsfahrplan)<\/span><br><span style=\"color: #000000;\">&#8211; Beratung zu F\u00f6rdermitteln<\/span><br><span style=\"color: #000000;\">&#8211; Begleitung durch die Antragstellung<\/span><br><span style=\"color: #000000;\">&#8211; Baubegleitung<\/span><br><span style=\"color: #000000;\">&#8211; uvm.<\/span><\/p>\n<h2>&nbsp;<\/h2>\n<h3>&nbsp;<\/h3>\n<\/div>\n<\/div>\n\n\n\n<p><\/p>\n","protected":false},"excerpt":{"rendered":"<p>Eine von BAFA gef\u00f6rderte qualitative hochwertige Energieberatung ist das Fundament f\u00fcr Ihr Sanierungs- oder Neubauvorhaben. Als engagierte Architekten und Energieberater erstellen wir gerne f\u00fcr Ihr Projekt eine umfassende Analyse mit einem passenden Energie-Effizienz-Konzept, oder Sanierungskonzept unter Ber\u00fccksichtigung Ihrer speziellen Anforderungen. Egal ob Sie einen Neubau oder eine energetische Sanierung planen ein Energieeffiezienzberater ist die richtige [&hellip;]<\/p>\n","protected":false},"author":1,"featured_media":0,"parent":0,"menu_order":0,"comment_status":"closed","ping_status":"closed","template":"","meta":{"om_disable_all_campaigns":false,"_monsterinsights_skip_tracking":false,"_monsterinsights_sitenote_active":false,"_monsterinsights_sitenote_note":"","_monsterinsights_sitenote_category":0,"ngg_post_thumbnail":0,"footnotes":""},"class_list":["post-1621","page","type-page","status-publish","hentry"],"aioseo_notices":[],"_links":{"self":[{"href":"https:\/\/architekten-bs.de\/index.php?rest_route=\/wp\/v2\/pages\/1621","targetHints":{"allow":["GET"]}}],"collection":[{"href":"https:\/\/architekten-bs.de\/index.php?rest_route=\/wp\/v2\/pages"}],"about":[{"href":"https:\/\/architekten-bs.de\/index.php?rest_route=\/wp\/v2\/types\/page"}],"author":[{"embeddable":true,"href":"https:\/\/architekten-bs.de\/index.php?rest_route=\/wp\/v2\/users\/1"}],"replies":[{"embeddable":true,"href":"https:\/\/architekten-bs.de\/index.php?rest_route=%2Fwp%2Fv2%2Fcomments&post=1621"}],"version-history":[{"count":17,"href":"https:\/\/architekten-bs.de\/index.php?rest_route=\/wp\/v2\/pages\/1621\/revisions"}],"predecessor-version":[{"id":1658,"href":"https:\/\/architekten-bs.de\/index.php?rest_route=\/wp\/v2\/pages\/1621\/revisions\/1658"}],"wp:attachment":[{"href":"https:\/\/architekten-bs.de\/index.php?rest_route=%2Fwp%2Fv2%2Fmedia&parent=1621"}],"curies":[{"name":"wp","href":"https:\/\/api.w.org\/{rel}","templated":true}]}}